{"id":61,"date":"2021-01-14T08:33:48","date_gmt":"2021-01-14T08:33:48","guid":{"rendered":"https:\/\/nutsski.fi\/?page_id=61"},"modified":"2021-01-14T08:33:48","modified_gmt":"2021-01-14T08:33:48","slug":"turvallisuus","status":"publish","type":"page","link":"http:\/\/nutsski.fi\/fi\/turvallisuus\/","title":{"rendered":"Turvallisuus"},"content":{"rendered":"\n<div class=\"wp-block-media-text alignwide\" style=\"grid-template-columns:16% auto\"><figure class=\"wp-block-media-text__media\"><img loading=\"lazy\" decoding=\"async\" width=\"512\" height=\"512\" src=\"https:\/\/media.nuts.fi\/wp-content\/uploads\/sites\/3\/2021\/01\/28141241\/nuts-ski-2021-icons-kasidesi.png\" alt=\"\" class=\"wp-image-78 size-full\" srcset=\"http:\/\/media.nuts.fi\/wp-content\/uploads\/sites\/3\/2021\/01\/28141241\/nuts-ski-2021-icons-kasidesi.png 512w, http:\/\/media.nuts.fi\/wp-content\/uploads\/sites\/3\/2021\/01\/28141241\/nuts-ski-2021-icons-kasidesi-300x300.png 300w, http:\/\/media.nuts.fi\/wp-content\/uploads\/sites\/3\/2021\/01\/28141241\/nuts-ski-2021-icons-kasidesi-150x150.png 150w\" sizes=\"auto, (max-width: 512px) 100vw, 512px\" \/><\/figure><div class=\"wp-block-media-text__content\">\n<h3 class=\"wp-block-heading\">K\u00e4yt\u00e4 k\u00e4sidesi\u00e4<\/h3>\n\n\n\n<p>K\u00e4sidesi\u00e4 on tarjolla numeroiden jaossa, huoltopisteill\u00e4 ja maalissa.<\/p>\n<\/div><\/div>\n\n\n\n<div class=\"wp-block-media-text alignwide\" style=\"grid-template-columns:16% auto\"><figure class=\"wp-block-media-text__media\"><img loading=\"lazy\" decoding=\"async\" width=\"512\" height=\"512\" src=\"https:\/\/media.nuts.fi\/wp-content\/uploads\/sites\/3\/2021\/01\/28141242\/nuts-ski-2021-icons-turvavali.png\" alt=\"\" class=\"wp-image-72 size-full\" srcset=\"http:\/\/media.nuts.fi\/wp-content\/uploads\/sites\/3\/2021\/01\/28141242\/nuts-ski-2021-icons-turvavali.png 512w, http:\/\/media.nuts.fi\/wp-content\/uploads\/sites\/3\/2021\/01\/28141242\/nuts-ski-2021-icons-turvavali-300x300.png 300w, http:\/\/media.nuts.fi\/wp-content\/uploads\/sites\/3\/2021\/01\/28141242\/nuts-ski-2021-icons-turvavali-150x150.png 150w\" sizes=\"auto, (max-width: 512px) 100vw, 512px\" \/><\/figure><div class=\"wp-block-media-text__content\">\n<h3 class=\"wp-block-heading\">Muista turvav\u00e4lit<\/h3>\n\n\n\n<p>Muista turvav\u00e4lit numeroiden jaossa, huoltopisteill\u00e4, maalissa \u2013 joka p\u00e4iv\u00e4 ja erityisesti tapahtumassa!<\/p>\n<\/div><\/div>\n\n\n\n<div class=\"wp-block-media-text alignwide\" style=\"grid-template-columns:16% auto\"><figure class=\"wp-block-media-text__media\"><img loading=\"lazy\" decoding=\"async\" width=\"512\" height=\"512\" src=\"https:\/\/media.nuts.fi\/wp-content\/uploads\/sites\/3\/2021\/01\/28141241\/nuts-ski-2021-icons-maski.png\" alt=\"\" class=\"wp-image-73 size-full\" srcset=\"http:\/\/media.nuts.fi\/wp-content\/uploads\/sites\/3\/2021\/01\/28141241\/nuts-ski-2021-icons-maski.png 512w, http:\/\/media.nuts.fi\/wp-content\/uploads\/sites\/3\/2021\/01\/28141241\/nuts-ski-2021-icons-maski-300x300.png 300w, http:\/\/media.nuts.fi\/wp-content\/uploads\/sites\/3\/2021\/01\/28141241\/nuts-ski-2021-icons-maski-150x150.png 150w\" sizes=\"auto, (max-width: 512px) 100vw, 512px\" \/><\/figure><div class=\"wp-block-media-text__content\">\n<h3 class=\"wp-block-heading\">K\u00e4yt\u00e4 maskia kun et voi pit\u00e4\u00e4 turvav\u00e4li\u00e4<\/h3>\n\n\n\n<p>Maskipakko on voimassa bussikuljetuksessa l\u00e4ht\u00f6\u00f6n sek\u00e4 l\u00e4ht\u00f6alueella vuoroasi odottaessasi. L\u00e4hd\u00f6n j\u00e4lkeen on roskikset kertak\u00e4ytt\u00f6maskien hylk\u00e4\u00e4mist\u00e4 varten.<\/p>\n\n\n\n<p><strong>Maskien pois heitt\u00e4minen luontoon on ehdottomasti kielletty.<\/strong><\/p>\n\n\n\n<p>Huoltopisteill\u00e4 on roskikset maskeja ja muita roskia varte.<\/p>\n<\/div><\/div>\n","protected":false},"excerpt":{"rendered":"<p>K\u00e4yt\u00e4 k\u00e4sidesi\u00e4 K\u00e4sidesi\u00e4 on tarjolla numeroiden jaossa, huoltopisteill\u00e4 ja maalissa. Muista turvav\u00e4lit Muista turvav\u00e4lit numeroiden jaossa, huoltopisteill\u00e4, maalissa \u2013 joka p\u00e4iv\u00e4 ja erityisesti tapahtumassa! K\u00e4yt\u00e4 maskia kun et voi pit\u00e4\u00e4 turvav\u00e4li\u00e4 Maskipakko on voimassa bussikuljetuksessa l\u00e4ht\u00f6\u00f6n sek\u00e4 l\u00e4ht\u00f6alueella vuoroasi odottaessasi. L\u00e4hd\u00f6n j\u00e4lkeen on roskikset kertak\u00e4ytt\u00f6maskien hylk\u00e4\u00e4mist\u00e4 varten. Maskien pois heitt\u00e4minen luontoon on ehdottomasti kielletty. Huoltopisteill\u00e4&#8230;<\/p>\n","protected":false},"author":1,"featured_media":0,"parent":0,"menu_order":0,"comment_status":"closed","ping_status":"closed","template":"","meta":{"_kad_blocks_custom_css":"","_kad_blocks_head_custom_js":"","_kad_blocks_body_custom_js":"","_kad_blocks_footer_custom_js":"","_kad_post_transparent":"","_kad_post_title":"","_kad_post_layout":"","_kad_post_sidebar_id":"","_kad_post_content_style":"","_kad_post_vertical_padding":"","_kad_post_feature":"","_kad_post_feature_position":"","_kad_post_header":false,"_kad_post_footer":false,"_kad_post_classname":"","footnotes":""},"class_list":["post-61","page","type-page","status-publish","hentry"],"yoast_head":"<!-- This site is optimized with the Yoast SEO plugin v26.8 - https:\/\/yoast.com\/product\/yoast-seo-wordpress\/ -->\n<title>Turvallisuus - NUTS SKI<\/title>\n<meta name=\"robots\" content=\"index, follow, max-snippet:-1, max-image-preview:large, max-video-preview:-1\" \/>\n<link rel=\"canonical\" href=\"http:\/\/nutsski.fi\/fi\/turvallisuus\/\" \/>\n<meta property=\"og:locale\" content=\"fi_FI\" \/>\n<meta property=\"og:type\" content=\"article\" \/>\n<meta property=\"og:title\" content=\"Turvallisuus - NUTS SKI\" \/>\n<meta property=\"og:description\" content=\"K\u00e4yt\u00e4 k\u00e4sidesi\u00e4 K\u00e4sidesi\u00e4 on tarjolla numeroiden jaossa, huoltopisteill\u00e4 ja maalissa. Muista turvav\u00e4lit Muista turvav\u00e4lit numeroiden jaossa, huoltopisteill\u00e4, maalissa \u2013 joka p\u00e4iv\u00e4 ja erityisesti tapahtumassa! K\u00e4yt\u00e4 maskia kun et voi pit\u00e4\u00e4 turvav\u00e4li\u00e4 Maskipakko on voimassa bussikuljetuksessa l\u00e4ht\u00f6\u00f6n sek\u00e4 l\u00e4ht\u00f6alueella vuoroasi odottaessasi. L\u00e4hd\u00f6n j\u00e4lkeen on roskikset kertak\u00e4ytt\u00f6maskien hylk\u00e4\u00e4mist\u00e4 varten. Maskien pois heitt\u00e4minen luontoon on ehdottomasti kielletty. Huoltopisteill\u00e4...\" \/>\n<meta property=\"og:url\" content=\"http:\/\/nutsski.fi\/fi\/turvallisuus\/\" \/>\n<meta property=\"og:site_name\" content=\"NUTS SKI\" \/>\n<meta property=\"og:image\" content=\"https:\/\/nutsski.fi\/wp-content\/uploads\/sites\/3\/2021\/01\/nuts-ski-2021-icons-kasidesi.png\" \/>\n<meta name=\"twitter:card\" content=\"summary_large_image\" \/>\n<script type=\"application\/ld+json\" class=\"yoast-schema-graph\">{\"@context\":\"https:\/\/schema.org\",\"@graph\":[{\"@type\":\"WebPage\",\"@id\":\"http:\/\/nutsski.fi\/fi\/turvallisuus\/\",\"url\":\"http:\/\/nutsski.fi\/fi\/turvallisuus\/\",\"name\":\"Turvallisuus - NUTS SKI\",\"isPartOf\":{\"@id\":\"http:\/\/nutsski.fi\/fi\/#website\"},\"primaryImageOfPage\":{\"@id\":\"http:\/\/nutsski.fi\/fi\/turvallisuus\/#primaryimage\"},\"image\":{\"@id\":\"http:\/\/nutsski.fi\/fi\/turvallisuus\/#primaryimage\"},\"thumbnailUrl\":\"https:\/\/nutsski.fi\/wp-content\/uploads\/sites\/3\/2021\/01\/nuts-ski-2021-icons-kasidesi.png\",\"datePublished\":\"2021-01-14T08:33:48+00:00\",\"breadcrumb\":{\"@id\":\"http:\/\/nutsski.fi\/fi\/turvallisuus\/#breadcrumb\"},\"inLanguage\":\"fi\",\"potentialAction\":[{\"@type\":\"ReadAction\",\"target\":[\"http:\/\/nutsski.fi\/fi\/turvallisuus\/\"]}]},{\"@type\":\"ImageObject\",\"inLanguage\":\"fi\",\"@id\":\"http:\/\/nutsski.fi\/fi\/turvallisuus\/#primaryimage\",\"url\":\"https:\/\/nutsski.fi\/wp-content\/uploads\/sites\/3\/2021\/01\/nuts-ski-2021-icons-kasidesi.png\",\"contentUrl\":\"https:\/\/nutsski.fi\/wp-content\/uploads\/sites\/3\/2021\/01\/nuts-ski-2021-icons-kasidesi.png\"},{\"@type\":\"BreadcrumbList\",\"@id\":\"http:\/\/nutsski.fi\/fi\/turvallisuus\/#breadcrumb\",\"itemListElement\":[{\"@type\":\"ListItem\",\"position\":1,\"name\":\"Etusivu\",\"item\":\"http:\/\/nutsski.fi\/fi\/\"},{\"@type\":\"ListItem\",\"position\":2,\"name\":\"Turvallisuus\"}]},{\"@type\":\"WebSite\",\"@id\":\"http:\/\/nutsski.fi\/fi\/#website\",\"url\":\"http:\/\/nutsski.fi\/fi\/\",\"name\":\"NUTS SKI\",\"description\":\"Havuja per####!\",\"publisher\":{\"@id\":\"http:\/\/nutsski.fi\/fi\/#organization\"},\"potentialAction\":[{\"@type\":\"SearchAction\",\"target\":{\"@type\":\"EntryPoint\",\"urlTemplate\":\"http:\/\/nutsski.fi\/fi\/?s={search_term_string}\"},\"query-input\":{\"@type\":\"PropertyValueSpecification\",\"valueRequired\":true,\"valueName\":\"search_term_string\"}}],\"inLanguage\":\"fi\"},{\"@type\":\"Organization\",\"@id\":\"http:\/\/nutsski.fi\/fi\/#organization\",\"name\":\"NUTS SKI\",\"url\":\"http:\/\/nutsski.fi\/fi\/\",\"logo\":{\"@type\":\"ImageObject\",\"inLanguage\":\"fi\",\"@id\":\"http:\/\/nutsski.fi\/fi\/#\/schema\/logo\/image\/\",\"url\":\"http:\/\/media.nuts.fi\/wp-content\/uploads\/sites\/3\/2022\/04\/28141240\/nuts-ski-ruka-logo.png\",\"contentUrl\":\"http:\/\/media.nuts.fi\/wp-content\/uploads\/sites\/3\/2022\/04\/28141240\/nuts-ski-ruka-logo.png\",\"width\":110,\"height\":110,\"caption\":\"NUTS SKI\"},\"image\":{\"@id\":\"http:\/\/nutsski.fi\/fi\/#\/schema\/logo\/image\/\"}}]}<\/script>\n<!-- \/ Yoast SEO plugin. -->","yoast_head_json":{"title":"Turvallisuus - NUTS SKI","robots":{"index":"index","follow":"follow","max-snippet":"max-snippet:-1","max-image-preview":"max-image-preview:large","max-video-preview":"max-video-preview:-1"},"canonical":"http:\/\/nutsski.fi\/fi\/turvallisuus\/","og_locale":"fi_FI","og_type":"article","og_title":"Turvallisuus - NUTS SKI","og_description":"K\u00e4yt\u00e4 k\u00e4sidesi\u00e4 K\u00e4sidesi\u00e4 on tarjolla numeroiden jaossa, huoltopisteill\u00e4 ja maalissa. Muista turvav\u00e4lit Muista turvav\u00e4lit numeroiden jaossa, huoltopisteill\u00e4, maalissa \u2013 joka p\u00e4iv\u00e4 ja erityisesti tapahtumassa! K\u00e4yt\u00e4 maskia kun et voi pit\u00e4\u00e4 turvav\u00e4li\u00e4 Maskipakko on voimassa bussikuljetuksessa l\u00e4ht\u00f6\u00f6n sek\u00e4 l\u00e4ht\u00f6alueella vuoroasi odottaessasi. L\u00e4hd\u00f6n j\u00e4lkeen on roskikset kertak\u00e4ytt\u00f6maskien hylk\u00e4\u00e4mist\u00e4 varten. Maskien pois heitt\u00e4minen luontoon on ehdottomasti kielletty. Huoltopisteill\u00e4...","og_url":"http:\/\/nutsski.fi\/fi\/turvallisuus\/","og_site_name":"NUTS SKI","og_image":[{"url":"https:\/\/nutsski.fi\/wp-content\/uploads\/sites\/3\/2021\/01\/nuts-ski-2021-icons-kasidesi.png","type":"","width":"","height":""}],"twitter_card":"summary_large_image","schema":{"@context":"https:\/\/schema.org","@graph":[{"@type":"WebPage","@id":"http:\/\/nutsski.fi\/fi\/turvallisuus\/","url":"http:\/\/nutsski.fi\/fi\/turvallisuus\/","name":"Turvallisuus - NUTS SKI","isPartOf":{"@id":"http:\/\/nutsski.fi\/fi\/#website"},"primaryImageOfPage":{"@id":"http:\/\/nutsski.fi\/fi\/turvallisuus\/#primaryimage"},"image":{"@id":"http:\/\/nutsski.fi\/fi\/turvallisuus\/#primaryimage"},"thumbnailUrl":"https:\/\/nutsski.fi\/wp-content\/uploads\/sites\/3\/2021\/01\/nuts-ski-2021-icons-kasidesi.png","datePublished":"2021-01-14T08:33:48+00:00","breadcrumb":{"@id":"http:\/\/nutsski.fi\/fi\/turvallisuus\/#breadcrumb"},"inLanguage":"fi","potentialAction":[{"@type":"ReadAction","target":["http:\/\/nutsski.fi\/fi\/turvallisuus\/"]}]},{"@type":"ImageObject","inLanguage":"fi","@id":"http:\/\/nutsski.fi\/fi\/turvallisuus\/#primaryimage","url":"https:\/\/nutsski.fi\/wp-content\/uploads\/sites\/3\/2021\/01\/nuts-ski-2021-icons-kasidesi.png","contentUrl":"https:\/\/nutsski.fi\/wp-content\/uploads\/sites\/3\/2021\/01\/nuts-ski-2021-icons-kasidesi.png"},{"@type":"BreadcrumbList","@id":"http:\/\/nutsski.fi\/fi\/turvallisuus\/#breadcrumb","itemListElement":[{"@type":"ListItem","position":1,"name":"Etusivu","item":"http:\/\/nutsski.fi\/fi\/"},{"@type":"ListItem","position":2,"name":"Turvallisuus"}]},{"@type":"WebSite","@id":"http:\/\/nutsski.fi\/fi\/#website","url":"http:\/\/nutsski.fi\/fi\/","name":"NUTS SKI","description":"Havuja per####!","publisher":{"@id":"http:\/\/nutsski.fi\/fi\/#organization"},"potentialAction":[{"@type":"SearchAction","target":{"@type":"EntryPoint","urlTemplate":"http:\/\/nutsski.fi\/fi\/?s={search_term_string}"},"query-input":{"@type":"PropertyValueSpecification","valueRequired":true,"valueName":"search_term_string"}}],"inLanguage":"fi"},{"@type":"Organization","@id":"http:\/\/nutsski.fi\/fi\/#organization","name":"NUTS SKI","url":"http:\/\/nutsski.fi\/fi\/","logo":{"@type":"ImageObject","inLanguage":"fi","@id":"http:\/\/nutsski.fi\/fi\/#\/schema\/logo\/image\/","url":"http:\/\/media.nuts.fi\/wp-content\/uploads\/sites\/3\/2022\/04\/28141240\/nuts-ski-ruka-logo.png","contentUrl":"http:\/\/media.nuts.fi\/wp-content\/uploads\/sites\/3\/2022\/04\/28141240\/nuts-ski-ruka-logo.png","width":110,"height":110,"caption":"NUTS SKI"},"image":{"@id":"http:\/\/nutsski.fi\/fi\/#\/schema\/logo\/image\/"}}]}},"taxonomy_info":[],"featured_image_src_large":false,"author_info":{"display_name":"NUTS","author_link":"http:\/\/nutsski.fi\/fi\/author\/user\/"},"comment_info":0,"_links":{"self":[{"href":"http:\/\/nutsski.fi\/fi\/wp-json\/wp\/v2\/pages\/61","targetHints":{"allow":["GET"]}}],"collection":[{"href":"http:\/\/nutsski.fi\/fi\/wp-json\/wp\/v2\/pages"}],"about":[{"href":"http:\/\/nutsski.fi\/fi\/wp-json\/wp\/v2\/types\/page"}],"author":[{"embeddable":true,"href":"http:\/\/nutsski.fi\/fi\/wp-json\/wp\/v2\/users\/1"}],"replies":[{"embeddable":true,"href":"http:\/\/nutsski.fi\/fi\/wp-json\/wp\/v2\/comments?post=61"}],"version-history":[{"count":0,"href":"http:\/\/nutsski.fi\/fi\/wp-json\/wp\/v2\/pages\/61\/revisions"}],"wp:attachment":[{"href":"http:\/\/nutsski.fi\/fi\/wp-json\/wp\/v2\/media?parent=61"}],"curies":[{"name":"wp","href":"https:\/\/api.w.org\/{rel}","templated":true}]}}