{"id":63,"date":"2021-01-14T08:34:36","date_gmt":"2021-01-14T08:34:36","guid":{"rendered":"https:\/\/nutsski.fi\/?page_id=63"},"modified":"2025-01-23T10:48:33","modified_gmt":"2025-01-23T10:48:33","slug":"ilmoittaudu","status":"publish","type":"page","link":"https:\/\/nutsski.fi\/fi\/ilmoittaudu\/","title":{"rendered":"Ilmoittaudu"},"content":{"rendered":"<style>.wp-block-kadence-advancedheading.kt-adv-heading63_028cd1-1e, .wp-block-kadence-advancedheading.kt-adv-heading63_028cd1-1e[data-kb-block=\"kb-adv-heading63_028cd1-1e\"]{font-style:normal;}.wp-block-kadence-advancedheading.kt-adv-heading63_028cd1-1e mark.kt-highlight, .wp-block-kadence-advancedheading.kt-adv-heading63_028cd1-1e[data-kb-block=\"kb-adv-heading63_028cd1-1e\"] mark.kt-highlight{font-style:normal;color:#f76a0c;-webkit-box-decoration-break:clone;box-decoration-break:clone;padding-top:0px;padding-right:0px;padding-bottom:0px;padding-left:0px;}.wp-block-kadence-advancedheading.kt-adv-heading63_028cd1-1e img.kb-inline-image, .wp-block-kadence-advancedheading.kt-adv-heading63_028cd1-1e[data-kb-block=\"kb-adv-heading63_028cd1-1e\"] img.kb-inline-image{width:150px;vertical-align:baseline;}<\/style>\n<h2 id=\"lomake\" class=\"kt-adv-heading63_028cd1-1e wp-block-kadence-advancedheading\" data-kb-block=\"kb-adv-heading63_028cd1-1e\">Ilmoittaudu mukaan NUTS SKI Ruka -tapahtumaan 23.3.2024<\/h2>\n\n\n\n<div id=\"divRRRegStart\" class=\"RRRegStart\"><\/div>\n\n\n<!--\n  var rrp=new RRRegStart(document.getElementById(\"divRRRegStart\"), 266288);\n  rrp.ShowInfoText=true;\n-->\n\n\n  \/* Add custom CSS here or elsewhere to change the design *\/\n\n\n\n<style>.kt-accordion-id63_d76084-81 .kt-accordion-inner-wrap{column-gap:var(--global-kb-gap-md, 2rem);row-gap:10px;}.kt-accordion-id63_d76084-81 .kt-accordion-panel-inner{border-top:0px solid transparent;border-right:1px solid transparent;border-bottom:1px solid transparent;border-left:1px solid transparent;background:#ffffff;padding-top:var(--global-kb-spacing-sm, 1.5rem);padding-right:var(--global-kb-spacing-sm, 1.5rem);padding-bottom:var(--global-kb-spacing-sm, 1.5rem);padding-left:var(--global-kb-spacing-sm, 1.5rem);}.kt-accordion-id63_d76084-81 > .kt-accordion-inner-wrap > .wp-block-kadence-pane > .kt-accordion-header-wrap > .kt-blocks-accordion-header{border-top:1px solid #2d430d;border-right:1px solid #2d430d;border-bottom:1px solid #2d430d;border-left:2px solid #2d430d;border-top-left-radius:0px;border-top-right-radius:0px;border-bottom-right-radius:0px;border-bottom-left-radius:0px;background:#2d430d;font-size:18px;line-height:24px;color:var(--global-palette9, #ffffff);padding-top:14px;padding-right:16px;padding-bottom:14px;padding-left:16px;}.kt-accordion-id63_d76084-81:not( .kt-accodion-icon-style-basiccircle ):not( .kt-accodion-icon-style-xclosecircle ):not( .kt-accodion-icon-style-arrowcircle )  > .kt-accordion-inner-wrap > .wp-block-kadence-pane > .kt-accordion-header-wrap .kt-blocks-accordion-icon-trigger:after, .kt-accordion-id63_d76084-81:not( .kt-accodion-icon-style-basiccircle ):not( .kt-accodion-icon-style-xclosecircle ):not( .kt-accodion-icon-style-arrowcircle )  > .kt-accordion-inner-wrap > .wp-block-kadence-pane > .kt-accordion-header-wrap .kt-blocks-accordion-icon-trigger:before{background:var(--global-palette9, #ffffff);}.kt-accordion-id63_d76084-81:not( .kt-accodion-icon-style-basic ):not( .kt-accodion-icon-style-xclose ):not( .kt-accodion-icon-style-arrow ) .kt-blocks-accordion-icon-trigger{background:var(--global-palette9, #ffffff);}.kt-accordion-id63_d76084-81:not( .kt-accodion-icon-style-basic ):not( .kt-accodion-icon-style-xclose ):not( .kt-accodion-icon-style-arrow ) .kt-blocks-accordion-icon-trigger:after, .kt-accordion-id63_d76084-81:not( .kt-accodion-icon-style-basic ):not( .kt-accodion-icon-style-xclose ):not( .kt-accodion-icon-style-arrow ) .kt-blocks-accordion-icon-trigger:before{background:#2d430d;}.kt-accordion-id63_d76084-81 > .kt-accordion-inner-wrap > .wp-block-kadence-pane > .kt-accordion-header-wrap > .kt-blocks-accordion-header:hover, \n\t\t\t\tbody:not(.hide-focus-outline) .kt-accordion-id63_d76084-81 .kt-blocks-accordion-header:focus-visible{color:var(--global-palette9, #ffffff);background:#2d430d;border-top:1px solid #d4d4d4;border-right:1px solid #d4d4d4;border-bottom:1px solid #d4d4d4;border-left:2px solid #d4d4d4;}.kt-accordion-id63_d76084-81:not( .kt-accodion-icon-style-basiccircle ):not( .kt-accodion-icon-style-xclosecircle ):not( .kt-accodion-icon-style-arrowcircle ) .kt-accordion-header-wrap .kt-blocks-accordion-header:hover .kt-blocks-accordion-icon-trigger:after, .kt-accordion-id63_d76084-81:not( .kt-accodion-icon-style-basiccircle ):not( .kt-accodion-icon-style-xclosecircle ):not( .kt-accodion-icon-style-arrowcircle ) .kt-accordion-header-wrap .kt-blocks-accordion-header:hover .kt-blocks-accordion-icon-trigger:before, body:not(.hide-focus-outline) .kt-accordion-id63_d76084-81:not( .kt-accodion-icon-style-basiccircle ):not( .kt-accodion-icon-style-xclosecircle ):not( .kt-accodion-icon-style-arrowcircle ) .kt-blocks-accordion--visible .kt-blocks-accordion-icon-trigger:after, body:not(.hide-focus-outline) .kt-accordion-id63_d76084-81:not( .kt-accodion-icon-style-basiccircle ):not( .kt-accodion-icon-style-xclosecircle ):not( .kt-accodion-icon-style-arrowcircle ) .kt-blocks-accordion-header:focus-visible .kt-blocks-accordion-icon-trigger:before{background:var(--global-palette9, #ffffff);}.kt-accordion-id63_d76084-81:not( .kt-accodion-icon-style-basic ):not( .kt-accodion-icon-style-xclose ):not( .kt-accodion-icon-style-arrow ) .kt-accordion-header-wrap .kt-blocks-accordion-header:hover .kt-blocks-accordion-icon-trigger, body:not(.hide-focus-outline) .kt-accordion-id63_d76084-81:not( .kt-accodion-icon-style-basic ):not( .kt-accodion-icon-style-xclose ):not( .kt-accodion-icon-style-arrow ) .kt-accordion-header-wrap .kt-blocks-accordion-header:focus-visible .kt-blocks-accordion-icon-trigger{background:var(--global-palette9, #ffffff);}.kt-accordion-id63_d76084-81:not( .kt-accodion-icon-style-basic ):not( .kt-accodion-icon-style-xclose ):not( .kt-accodion-icon-style-arrow ) .kt-accordion-header-wrap .kt-blocks-accordion-header:hover .kt-blocks-accordion-icon-trigger:after, .kt-accordion-id63_d76084-81:not( .kt-accodion-icon-style-basic ):not( .kt-accodion-icon-style-xclose ):not( .kt-accodion-icon-style-arrow ) .kt-accordion-header-wrap .kt-blocks-accordion-header:hover .kt-blocks-accordion-icon-trigger:before, body:not(.hide-focus-outline) .kt-accordion-id63_d76084-81:not( .kt-accodion-icon-style-basic ):not( .kt-accodion-icon-style-xclose ):not( .kt-accodion-icon-style-arrow ) .kt-accordion-header-wrap .kt-blocks-accordion-header:focus-visible .kt-blocks-accordion-icon-trigger:after, body:not(.hide-focus-outline) .kt-accordion-id63_d76084-81:not( .kt-accodion-icon-style-basic ):not( .kt-accodion-icon-style-xclose ):not( .kt-accodion-icon-style-arrow ) .kt-accordion-header-wrap .kt-blocks-accordion-header:focus-visible .kt-blocks-accordion-icon-trigger:before{background:#2d430d;}.kt-accordion-id63_d76084-81 .kt-accordion-header-wrap .kt-blocks-accordion-header:focus-visible,\n\t\t\t\t.kt-accordion-id63_d76084-81 > .kt-accordion-inner-wrap > .wp-block-kadence-pane > .kt-accordion-header-wrap > .kt-blocks-accordion-header.kt-accordion-panel-active{color:var(--global-palette9, #ffffff);background:#2d430d;border-top:1px solid #eeeeee;border-right:1px solid #eeeeee;border-bottom:1px solid #eeeeee;border-left:2px solid #0e9cd1;}.kt-accordion-id63_d76084-81:not( .kt-accodion-icon-style-basiccircle ):not( .kt-accodion-icon-style-xclosecircle ):not( .kt-accodion-icon-style-arrowcircle )  > .kt-accordion-inner-wrap > .wp-block-kadence-pane > .kt-accordion-header-wrap > .kt-blocks-accordion-header.kt-accordion-panel-active .kt-blocks-accordion-icon-trigger:after, .kt-accordion-id63_d76084-81:not( .kt-accodion-icon-style-basiccircle ):not( .kt-accodion-icon-style-xclosecircle ):not( .kt-accodion-icon-style-arrowcircle )  > .kt-accordion-inner-wrap > .wp-block-kadence-pane > .kt-accordion-header-wrap > .kt-blocks-accordion-header.kt-accordion-panel-active .kt-blocks-accordion-icon-trigger:before{background:var(--global-palette9, #ffffff);}.kt-accordion-id63_d76084-81:not( .kt-accodion-icon-style-basic ):not( .kt-accodion-icon-style-xclose ):not( .kt-accodion-icon-style-arrow ) .kt-blocks-accordion-header.kt-accordion-panel-active .kt-blocks-accordion-icon-trigger{background:var(--global-palette9, #ffffff);}.kt-accordion-id63_d76084-81:not( .kt-accodion-icon-style-basic ):not( .kt-accodion-icon-style-xclose ):not( .kt-accodion-icon-style-arrow ) .kt-blocks-accordion-header.kt-accordion-panel-active .kt-blocks-accordion-icon-trigger:after, .kt-accordion-id63_d76084-81:not( .kt-accodion-icon-style-basic ):not( .kt-accodion-icon-style-xclose ):not( .kt-accodion-icon-style-arrow ) .kt-blocks-accordion-header.kt-accordion-panel-active .kt-blocks-accordion-icon-trigger:before{background:#2d430d;}@media all and (max-width: 1024px){.kt-accordion-id63_d76084-81 .kt-accordion-panel-inner{border-top:0px solid transparent;border-right:1px solid transparent;border-bottom:1px solid transparent;border-left:1px solid transparent;}}@media all and (max-width: 1024px){.kt-accordion-id63_d76084-81 > .kt-accordion-inner-wrap > .wp-block-kadence-pane > .kt-accordion-header-wrap > .kt-blocks-accordion-header{border-top:1px solid #2d430d;border-right:1px solid #2d430d;border-bottom:1px solid #2d430d;border-left:2px solid #2d430d;}}@media all and (max-width: 1024px){.kt-accordion-id63_d76084-81 > .kt-accordion-inner-wrap > .wp-block-kadence-pane > .kt-accordion-header-wrap > .kt-blocks-accordion-header:hover, \n\t\t\t\tbody:not(.hide-focus-outline) .kt-accordion-id63_d76084-81 .kt-blocks-accordion-header:focus-visible{border-top:1px solid #d4d4d4;border-right:1px solid #d4d4d4;border-bottom:1px solid #d4d4d4;border-left:2px solid #d4d4d4;}}@media all and (max-width: 1024px){.kt-accordion-id63_d76084-81 .kt-accordion-header-wrap .kt-blocks-accordion-header:focus-visible,\n\t\t\t\t.kt-accordion-id63_d76084-81 > .kt-accordion-inner-wrap > .wp-block-kadence-pane > .kt-accordion-header-wrap > .kt-blocks-accordion-header.kt-accordion-panel-active{border-top:1px solid #eeeeee;border-right:1px solid #eeeeee;border-bottom:1px solid #eeeeee;border-left:2px solid #0e9cd1;}}@media all and (max-width: 767px){.kt-accordion-id63_d76084-81 .kt-accordion-inner-wrap{display:block;}.kt-accordion-id63_d76084-81 .kt-accordion-inner-wrap .kt-accordion-pane:not(:first-child){margin-top:10px;}.kt-accordion-id63_d76084-81 .kt-accordion-panel-inner{border-top:0px solid transparent;border-right:1px solid transparent;border-bottom:1px solid transparent;border-left:1px solid transparent;}.kt-accordion-id63_d76084-81 > .kt-accordion-inner-wrap > .wp-block-kadence-pane > .kt-accordion-header-wrap > .kt-blocks-accordion-header{border-top:1px solid #2d430d;border-right:1px solid #2d430d;border-bottom:1px solid #2d430d;border-left:2px solid #2d430d;}.kt-accordion-id63_d76084-81 > .kt-accordion-inner-wrap > .wp-block-kadence-pane > .kt-accordion-header-wrap > .kt-blocks-accordion-header:hover, \n\t\t\t\tbody:not(.hide-focus-outline) .kt-accordion-id63_d76084-81 .kt-blocks-accordion-header:focus-visible{border-top:1px solid #d4d4d4;border-right:1px solid #d4d4d4;border-bottom:1px solid #d4d4d4;border-left:2px solid #d4d4d4;}.kt-accordion-id63_d76084-81 .kt-accordion-header-wrap .kt-blocks-accordion-header:focus-visible,\n\t\t\t\t.kt-accordion-id63_d76084-81 > .kt-accordion-inner-wrap > .wp-block-kadence-pane > .kt-accordion-header-wrap > .kt-blocks-accordion-header.kt-accordion-panel-active{border-top:1px solid #eeeeee;border-right:1px solid #eeeeee;border-bottom:1px solid #eeeeee;border-left:2px solid #0e9cd1;}}<\/style>\n<div class=\"wp-block-kadence-accordion alignnone\"><div class=\"kt-accordion-wrap kt-accordion-id63_d76084-81 kt-accordion-has-4-panes kt-active-pane-0 kt-accordion-block kt-pane-header-alignment-left kt-accodion-icon-style-arrow kt-accodion-icon-side-right\" style=\"max-width:none\"><div class=\"kt-accordion-inner-wrap\" data-allow-multiple-open=\"false\" data-start-open=\"none\">\n<div class=\"wp-block-kadence-pane kt-accordion-pane kt-accordion-pane-1 kt-pane63_3e3471-97\"><div class=\"kt-accordion-header-wrap\"><button class=\"kt-blocks-accordion-header kt-acccordion-button-label-show\"><span class=\"kt-blocks-accordion-title-wrap\"><span class=\"kt-blocks-accordion-title\">Muut maksut<\/span><\/span><span class=\"kt-blocks-accordion-icon-trigger\"><\/span><\/button><\/div><div class=\"kt-accordion-panel kt-accordion-panel-hidden\"><div class=\"kt-accordion-panel-inner\">\n[table id=3 \/]\n<\/div><\/div><\/div>\n\n\n\n<div class=\"wp-block-kadence-pane kt-accordion-pane kt-accordion-pane-3 kt-pane63_433dfa-6d\"><div class=\"kt-accordion-header-wrap\"><button class=\"kt-blocks-accordion-header kt-acccordion-button-label-show\"><span class=\"kt-blocks-accordion-title-wrap\"><span class=\"kt-blocks-accordion-title\">Muutokset, peruutukset ja siirrot<\/span><\/span><span class=\"kt-blocks-accordion-icon-trigger\"><\/span><\/button><\/div><div class=\"kt-accordion-panel kt-accordion-panel-hidden\"><div class=\"kt-accordion-panel-inner\">\n<p>Voit siirt\u00e4\u00e4 osallistumisoikeuden toiselle henkil\u00f6lle tai seuraavaan vuoteen itsepalvelulinkin kautta, jonka sait ilmoittautuessasi. Jos linkki puuttuu, ota yhteytt\u00e4 <a href=\"mailto:info@nuts.fi\">info@nuts.fi<\/a>. Osallistumismaksuja ei palauteta, mutta voit vaihtaa sarjaa maksun erotuksen mukaan. Kahden viikon sis\u00e4ll\u00e4 ennen tapahtumaa muutokset vaativat erillisen muutosmaksun.<\/p>\n<\/div><\/div><\/div>\n<\/div><\/div><\/div>\n","protected":false},"excerpt":{"rendered":"<p>Ilmoittaudu mukaan NUTS SKI Ruka -tapahtumaan 23.3.2024 \/* Add custom CSS here or elsewhere to change the design *\/<\/p>\n","protected":false},"author":1,"featured_media":269,"parent":0,"menu_order":0,"comment_status":"closed","ping_status":"closed","template":"","meta":{"_kad_blocks_custom_css":"","_kad_blocks_head_custom_js":"","_kad_blocks_body_custom_js":"","_kad_blocks_footer_custom_js":"","_kad_post_transparent":"","_kad_post_title":"hide","_kad_post_layout":"","_kad_post_sidebar_id":"","_kad_post_content_style":"","_kad_post_vertical_padding":"hide","_kad_post_feature":"","_kad_post_feature_position":"","_kad_post_header":false,"_kad_post_footer":false,"_kad_post_classname":"","footnotes":""},"class_list":["post-63","page","type-page","status-publish","has-post-thumbnail","hentry"],"yoast_head":"<!-- This site is optimized with the Yoast SEO plugin v26.8 - https:\/\/yoast.com\/product\/yoast-seo-wordpress\/ -->\n<title>Ilmoittaudu - NUTS SKI<\/title>\n<meta name=\"robots\" content=\"index, follow, max-snippet:-1, max-image-preview:large, max-video-preview:-1\" \/>\n<link rel=\"canonical\" href=\"https:\/\/nutsski.fi\/fi\/ilmoittaudu\/\" \/>\n<meta property=\"og:locale\" content=\"fi_FI\" \/>\n<meta property=\"og:type\" content=\"article\" \/>\n<meta property=\"og:title\" content=\"Ilmoittaudu - NUTS SKI\" \/>\n<meta property=\"og:description\" content=\"Ilmoittaudu mukaan NUTS SKI Ruka -tapahtumaan 23.3.2024 \/* Add custom CSS here or elsewhere to change the design *\/\" \/>\n<meta property=\"og:url\" content=\"https:\/\/nutsski.fi\/fi\/ilmoittaudu\/\" \/>\n<meta property=\"og:site_name\" content=\"NUTS SKI\" \/>\n<meta property=\"article:modified_time\" content=\"2025-01-23T10:48:33+00:00\" \/>\n<meta property=\"og:image\" content=\"http:\/\/media.nuts.fi\/wp-content\/uploads\/sites\/3\/2022\/04\/28141239\/nuts-ski-ruka-maisema1.jpg\" \/>\n\t<meta property=\"og:image:width\" content=\"2048\" \/>\n\t<meta property=\"og:image:height\" content=\"1152\" \/>\n\t<meta property=\"og:image:type\" content=\"image\/jpeg\" \/>\n<meta name=\"twitter:card\" content=\"summary_large_image\" \/>\n<script type=\"application\/ld+json\" class=\"yoast-schema-graph\">{\"@context\":\"https:\/\/schema.org\",\"@graph\":[{\"@type\":\"WebPage\",\"@id\":\"https:\/\/nutsski.fi\/fi\/ilmoittaudu\/\",\"url\":\"https:\/\/nutsski.fi\/fi\/ilmoittaudu\/\",\"name\":\"Ilmoittaudu - NUTS SKI\",\"isPartOf\":{\"@id\":\"http:\/\/nutsski.fi\/fi\/#website\"},\"primaryImageOfPage\":{\"@id\":\"https:\/\/nutsski.fi\/fi\/ilmoittaudu\/#primaryimage\"},\"image\":{\"@id\":\"https:\/\/nutsski.fi\/fi\/ilmoittaudu\/#primaryimage\"},\"thumbnailUrl\":\"https:\/\/media.nuts.fi\/wp-content\/uploads\/sites\/3\/2022\/04\/28141239\/nuts-ski-ruka-maisema1.jpg\",\"datePublished\":\"2021-01-14T08:34:36+00:00\",\"dateModified\":\"2025-01-23T10:48:33+00:00\",\"breadcrumb\":{\"@id\":\"https:\/\/nutsski.fi\/fi\/ilmoittaudu\/#breadcrumb\"},\"inLanguage\":\"fi\",\"potentialAction\":[{\"@type\":\"ReadAction\",\"target\":[\"https:\/\/nutsski.fi\/fi\/ilmoittaudu\/\"]}]},{\"@type\":\"ImageObject\",\"inLanguage\":\"fi\",\"@id\":\"https:\/\/nutsski.fi\/fi\/ilmoittaudu\/#primaryimage\",\"url\":\"https:\/\/media.nuts.fi\/wp-content\/uploads\/sites\/3\/2022\/04\/28141239\/nuts-ski-ruka-maisema1.jpg\",\"contentUrl\":\"https:\/\/media.nuts.fi\/wp-content\/uploads\/sites\/3\/2022\/04\/28141239\/nuts-ski-ruka-maisema1.jpg\",\"width\":2048,\"height\":1152},{\"@type\":\"BreadcrumbList\",\"@id\":\"https:\/\/nutsski.fi\/fi\/ilmoittaudu\/#breadcrumb\",\"itemListElement\":[{\"@type\":\"ListItem\",\"position\":1,\"name\":\"Etusivu\",\"item\":\"https:\/\/nutsski.fi\/fi\/\"},{\"@type\":\"ListItem\",\"position\":2,\"name\":\"Ilmoittaudu\"}]},{\"@type\":\"WebSite\",\"@id\":\"http:\/\/nutsski.fi\/fi\/#website\",\"url\":\"http:\/\/nutsski.fi\/fi\/\",\"name\":\"NUTS SKI\",\"description\":\"Havuja per####!\",\"publisher\":{\"@id\":\"http:\/\/nutsski.fi\/fi\/#organization\"},\"potentialAction\":[{\"@type\":\"SearchAction\",\"target\":{\"@type\":\"EntryPoint\",\"urlTemplate\":\"http:\/\/nutsski.fi\/fi\/?s={search_term_string}\"},\"query-input\":{\"@type\":\"PropertyValueSpecification\",\"valueRequired\":true,\"valueName\":\"search_term_string\"}}],\"inLanguage\":\"fi\"},{\"@type\":\"Organization\",\"@id\":\"http:\/\/nutsski.fi\/fi\/#organization\",\"name\":\"NUTS SKI\",\"url\":\"http:\/\/nutsski.fi\/fi\/\",\"logo\":{\"@type\":\"ImageObject\",\"inLanguage\":\"fi\",\"@id\":\"http:\/\/nutsski.fi\/fi\/#\/schema\/logo\/image\/\",\"url\":\"https:\/\/media.nuts.fi\/wp-content\/uploads\/sites\/3\/2022\/04\/28141240\/nuts-ski-ruka-logo.png\",\"contentUrl\":\"https:\/\/media.nuts.fi\/wp-content\/uploads\/sites\/3\/2022\/04\/28141240\/nuts-ski-ruka-logo.png\",\"width\":110,\"height\":110,\"caption\":\"NUTS SKI\"},\"image\":{\"@id\":\"http:\/\/nutsski.fi\/fi\/#\/schema\/logo\/image\/\"}}]}<\/script>\n<!-- \/ Yoast SEO plugin. -->","yoast_head_json":{"title":"Ilmoittaudu - NUTS SKI","robots":{"index":"index","follow":"follow","max-snippet":"max-snippet:-1","max-image-preview":"max-image-preview:large","max-video-preview":"max-video-preview:-1"},"canonical":"https:\/\/nutsski.fi\/fi\/ilmoittaudu\/","og_locale":"fi_FI","og_type":"article","og_title":"Ilmoittaudu - NUTS SKI","og_description":"Ilmoittaudu mukaan NUTS SKI Ruka -tapahtumaan 23.3.2024 \/* Add custom CSS here or elsewhere to change the design *\/","og_url":"https:\/\/nutsski.fi\/fi\/ilmoittaudu\/","og_site_name":"NUTS SKI","article_modified_time":"2025-01-23T10:48:33+00:00","og_image":[{"width":2048,"height":1152,"url":"http:\/\/media.nuts.fi\/wp-content\/uploads\/sites\/3\/2022\/04\/28141239\/nuts-ski-ruka-maisema1.jpg","type":"image\/jpeg"}],"twitter_card":"summary_large_image","schema":{"@context":"https:\/\/schema.org","@graph":[{"@type":"WebPage","@id":"https:\/\/nutsski.fi\/fi\/ilmoittaudu\/","url":"https:\/\/nutsski.fi\/fi\/ilmoittaudu\/","name":"Ilmoittaudu - NUTS SKI","isPartOf":{"@id":"http:\/\/nutsski.fi\/fi\/#website"},"primaryImageOfPage":{"@id":"https:\/\/nutsski.fi\/fi\/ilmoittaudu\/#primaryimage"},"image":{"@id":"https:\/\/nutsski.fi\/fi\/ilmoittaudu\/#primaryimage"},"thumbnailUrl":"https:\/\/media.nuts.fi\/wp-content\/uploads\/sites\/3\/2022\/04\/28141239\/nuts-ski-ruka-maisema1.jpg","datePublished":"2021-01-14T08:34:36+00:00","dateModified":"2025-01-23T10:48:33+00:00","breadcrumb":{"@id":"https:\/\/nutsski.fi\/fi\/ilmoittaudu\/#breadcrumb"},"inLanguage":"fi","potentialAction":[{"@type":"ReadAction","target":["https:\/\/nutsski.fi\/fi\/ilmoittaudu\/"]}]},{"@type":"ImageObject","inLanguage":"fi","@id":"https:\/\/nutsski.fi\/fi\/ilmoittaudu\/#primaryimage","url":"https:\/\/media.nuts.fi\/wp-content\/uploads\/sites\/3\/2022\/04\/28141239\/nuts-ski-ruka-maisema1.jpg","contentUrl":"https:\/\/media.nuts.fi\/wp-content\/uploads\/sites\/3\/2022\/04\/28141239\/nuts-ski-ruka-maisema1.jpg","width":2048,"height":1152},{"@type":"BreadcrumbList","@id":"https:\/\/nutsski.fi\/fi\/ilmoittaudu\/#breadcrumb","itemListElement":[{"@type":"ListItem","position":1,"name":"Etusivu","item":"https:\/\/nutsski.fi\/fi\/"},{"@type":"ListItem","position":2,"name":"Ilmoittaudu"}]},{"@type":"WebSite","@id":"http:\/\/nutsski.fi\/fi\/#website","url":"http:\/\/nutsski.fi\/fi\/","name":"NUTS SKI","description":"Havuja per####!","publisher":{"@id":"http:\/\/nutsski.fi\/fi\/#organization"},"potentialAction":[{"@type":"SearchAction","target":{"@type":"EntryPoint","urlTemplate":"http:\/\/nutsski.fi\/fi\/?s={search_term_string}"},"query-input":{"@type":"PropertyValueSpecification","valueRequired":true,"valueName":"search_term_string"}}],"inLanguage":"fi"},{"@type":"Organization","@id":"http:\/\/nutsski.fi\/fi\/#organization","name":"NUTS SKI","url":"http:\/\/nutsski.fi\/fi\/","logo":{"@type":"ImageObject","inLanguage":"fi","@id":"http:\/\/nutsski.fi\/fi\/#\/schema\/logo\/image\/","url":"https:\/\/media.nuts.fi\/wp-content\/uploads\/sites\/3\/2022\/04\/28141240\/nuts-ski-ruka-logo.png","contentUrl":"https:\/\/media.nuts.fi\/wp-content\/uploads\/sites\/3\/2022\/04\/28141240\/nuts-ski-ruka-logo.png","width":110,"height":110,"caption":"NUTS SKI"},"image":{"@id":"http:\/\/nutsski.fi\/fi\/#\/schema\/logo\/image\/"}}]}},"taxonomy_info":[],"featured_image_src_large":["https:\/\/media.nuts.fi\/wp-content\/uploads\/sites\/3\/2022\/04\/28141239\/nuts-ski-ruka-maisema1-1024x576.jpg",1024,576,true],"author_info":{"display_name":"NUTS","author_link":"https:\/\/nutsski.fi\/fi\/author\/user\/"},"comment_info":0,"_links":{"self":[{"href":"https:\/\/nutsski.fi\/fi\/wp-json\/wp\/v2\/pages\/63","targetHints":{"allow":["GET"]}}],"collection":[{"href":"https:\/\/nutsski.fi\/fi\/wp-json\/wp\/v2\/pages"}],"about":[{"href":"https:\/\/nutsski.fi\/fi\/wp-json\/wp\/v2\/types\/page"}],"author":[{"embeddable":true,"href":"https:\/\/nutsski.fi\/fi\/wp-json\/wp\/v2\/users\/1"}],"replies":[{"embeddable":true,"href":"https:\/\/nutsski.fi\/fi\/wp-json\/wp\/v2\/comments?post=63"}],"version-history":[{"count":1,"href":"https:\/\/nutsski.fi\/fi\/wp-json\/wp\/v2\/pages\/63\/revisions"}],"predecessor-version":[{"id":393,"href":"https:\/\/nutsski.fi\/fi\/wp-json\/wp\/v2\/pages\/63\/revisions\/393"}],"wp:featuredmedia":[{"embeddable":true,"href":"https:\/\/nutsski.fi\/fi\/wp-json\/wp\/v2\/media\/269"}],"wp:attachment":[{"href":"https:\/\/nutsski.fi\/fi\/wp-json\/wp\/v2\/media?parent=63"}],"curies":[{"name":"wp","href":"https:\/\/api.w.org\/{rel}","templated":true}]}}